{"id":978,"date":"2023-04-25T21:19:51","date_gmt":"2023-04-26T00:19:51","guid":{"rendered":"https:\/\/sia.arq.br\/?page_id=978"},"modified":"2025-08-01T17:02:37","modified_gmt":"2025-08-01T20:02:37","slug":"politica-de-privacidade","status":"publish","type":"page","link":"https:\/\/sia.arq.br\/index.php\/politica-de-privacidade\/","title":{"rendered":"Pol\u00edtica de privacidade"},"content":{"rendered":"\t\t<div data-elementor-type=\"wp-page\" data-elementor-id=\"978\" class=\"elementor elementor-978\" data-elementor-post-type=\"page\">\n\t\t\t\t<div class=\"elementor-element elementor-element-46f3323b e-flex e-con-boxed e-con e-parent\" data-id=\"46f3323b\" data-element_type=\"container\">\n\t\t\t\t\t<div class=\"e-con-inner\">\n\t\t\t\t<div class=\"elementor-element elementor-element-4decb389 elementor-widget elementor-widget-text-editor\" data-id=\"4decb389\" data-element_type=\"widget\" data-widget_type=\"text-editor.default\">\n\t\t\t\t<div class=\"elementor-widget-container\">\n\t\t\t\t\t\t\t\t\t<h2 data-start=\"273\" data-end=\"331\">Pol\u00edtica de Privacidade \u2013 SIA Arquitetura &amp; Design<\/h2>\n<p data-start=\"332\" data-end=\"381\"><em data-start=\"332\" data-end=\"381\">Atualizada conforme a LGPD (Lei n\u00ba 13.709\/2018)<\/em><\/p>\n<h3 data-start=\"383\" data-end=\"404\">1. <strong data-start=\"390\" data-end=\"404\">Quem somos<\/strong><\/h3>\n<p data-start=\"405\" data-end=\"710\">Este site pertence \u00e0 SIA Arquitetura &amp; Design, acess\u00edvel em: <a class=\"\" href=\"https:\/\/sia.arq.br\" target=\"_new\" rel=\"noopener\" data-start=\"466\" data-end=\"506\">https:\/\/sia.arq.br<\/a>. Prezamos pela prote\u00e7\u00e3o de seus dados pessoais, em conformidade com a <strong data-start=\"577\" data-end=\"648\">Lei Geral de Prote\u00e7\u00e3o de Dados Pessoais (LGPD \u2013 Lei n\u00ba 13.709\/2018)<\/strong> e demais normas aplic\u00e1veis \u00e0 privacidade e seguran\u00e7a digital.<\/p>\n<hr data-start=\"712\" data-end=\"715\" \/>\n<h3 data-start=\"717\" data-end=\"758\">2. <strong data-start=\"724\" data-end=\"758\">Coleta de dados em coment\u00e1rios<\/strong><\/h3>\n<p data-start=\"759\" data-end=\"1035\">Ao deixar coment\u00e1rios, coletamos os dados fornecidos no formul\u00e1rio (nome, e-mail, mensagem), al\u00e9m do <strong data-start=\"860\" data-end=\"875\">endere\u00e7o IP<\/strong> e <strong data-start=\"878\" data-end=\"906\">informa\u00e7\u00f5es do navegador<\/strong> para fins de seguran\u00e7a e preven\u00e7\u00e3o contra spam (base legal: <strong data-start=\"967\" data-end=\"1033\">art. 7\u00ba, inciso IX \u2013 preven\u00e7\u00e3o \u00e0 fraude e seguran\u00e7a do titular<\/strong>).<\/p>\n<p data-start=\"1037\" data-end=\"1182\">Utilizamos, quando aplic\u00e1vel, a tecnologia Gravatar. Para saber mais, consulte: <a class=\"\" href=\"https:\/\/automattic.com\/privacy\" target=\"_new\" rel=\"noopener\" data-start=\"1117\" data-end=\"1181\">https:\/\/automattic.com\/privacy<\/a>.<\/p>\n<hr data-start=\"1184\" data-end=\"1187\" \/>\n<h3 data-start=\"1189\" data-end=\"1216\">3. <strong data-start=\"1196\" data-end=\"1216\">Envio de imagens<\/strong><\/h3>\n<p data-start=\"1217\" data-end=\"1397\">Evite enviar imagens com dados de localiza\u00e7\u00e3o (EXIF GPS), pois visitantes do site podem baixar e extrair esses dados (base legal: <strong data-start=\"1347\" data-end=\"1395\">art. 7\u00ba, inciso I \u2013 consentimento do titular<\/strong>).<\/p>\n<hr data-start=\"1399\" data-end=\"1402\" \/>\n<h3 data-start=\"1404\" data-end=\"1429\">4. <strong data-start=\"1411\" data-end=\"1429\">Uso de cookies<\/strong><\/h3>\n<p data-start=\"1430\" data-end=\"1534\">Utilizamos cookies funcionais e de autentica\u00e7\u00e3o para melhorar sua experi\u00eancia de navega\u00e7\u00e3o. Isso inclui:<\/p>\n<ul data-start=\"1535\" data-end=\"1659\">\n<li data-start=\"1535\" data-end=\"1589\">\n<p data-start=\"1537\" data-end=\"1589\">Armazenamento de nome, e-mail e site em coment\u00e1rios;<\/p>\n<\/li>\n<li data-start=\"1590\" data-end=\"1623\">\n<p data-start=\"1592\" data-end=\"1623\">Manuten\u00e7\u00e3o de sess\u00f5es de login;<\/p>\n<\/li>\n<li data-start=\"1624\" data-end=\"1659\">\n<p data-start=\"1626\" data-end=\"1659\">Prefer\u00eancias de exibi\u00e7\u00e3o de tela.<\/p>\n<\/li>\n<\/ul>\n<p data-start=\"1661\" data-end=\"1905\">Esses cookies s\u00e3o tempor\u00e1rios ou duram at\u00e9 1 ano. O uso est\u00e1 baseado no <strong data-start=\"1733\" data-end=\"1784\">leg\u00edtimo interesse (art. 7\u00ba, inciso IX da LGPD)<\/strong> e <strong data-start=\"1787\" data-end=\"1823\">consentimento (quando aplic\u00e1vel)<\/strong>. O usu\u00e1rio pode, a qualquer momento, limpar ou bloquear cookies em seu navegador.<\/p>\n<hr data-start=\"1907\" data-end=\"1910\" \/>\n<h3 data-start=\"1912\" data-end=\"1956\">5. <strong data-start=\"1919\" data-end=\"1956\">Conte\u00fado incorporado de terceiros<\/strong><\/h3>\n<p data-start=\"1957\" data-end=\"2249\">Nosso site pode conter v\u00eddeos, imagens e artigos de outros sites. Esses conte\u00fados se comportam como se o usu\u00e1rio estivesse visitando diretamente o site de origem, o que pode envolver coleta de dados, cookies e rastreamento adicional, conforme as <strong data-start=\"2203\" data-end=\"2248\">pol\u00edticas de privacidade desses terceiros<\/strong>.<\/p>\n<hr data-start=\"2251\" data-end=\"2254\" \/>\n<h3 data-start=\"2256\" data-end=\"2292\">6. <strong data-start=\"2263\" data-end=\"2292\">Compartilhamento de dados<\/strong><\/h3>\n<p data-start=\"2293\" data-end=\"2474\">Se voc\u00ea solicitar redefini\u00e7\u00e3o de senha, o endere\u00e7o IP ser\u00e1 inclu\u00eddo no e-mail enviado como medida de seguran\u00e7a (base legal: <strong data-start=\"2417\" data-end=\"2472\">art. 7\u00ba, inciso IX \u2013 preven\u00e7\u00e3o \u00e0 fraude e seguran\u00e7a<\/strong>).<\/p>\n<hr data-start=\"2476\" data-end=\"2479\" \/>\n<h3 data-start=\"2481\" data-end=\"2509\">7. <strong data-start=\"2488\" data-end=\"2509\">Prazo de reten\u00e7\u00e3o<\/strong><\/h3>\n<ul data-start=\"2510\" data-end=\"2847\">\n<li data-start=\"2510\" data-end=\"2633\">\n<p data-start=\"2512\" data-end=\"2633\">Coment\u00e1rios e seus metadados s\u00e3o mantidos por tempo indeterminado, para facilitar o reconhecimento de intera\u00e7\u00f5es futuras;<\/p>\n<\/li>\n<li data-start=\"2634\" data-end=\"2847\">\n<p data-start=\"2636\" data-end=\"2847\">Usu\u00e1rios registrados (se aplic\u00e1vel) podem editar ou excluir seus dados a qualquer momento (exceto o nome de usu\u00e1rio). O site armazena essas informa\u00e7\u00f5es enquanto a conta estiver ativa ou conforme exigido por lei.<\/p>\n<\/li>\n<\/ul>\n<hr data-start=\"2849\" data-end=\"2852\" \/>\n<h3 data-start=\"2854\" data-end=\"2899\">8. <strong data-start=\"2861\" data-end=\"2899\">Seus direitos garantidos pela LGPD<\/strong><\/h3>\n<p data-start=\"2900\" data-end=\"2919\">Voc\u00ea tem direito a:<\/p>\n<ul data-start=\"2920\" data-end=\"3184\">\n<li data-start=\"2920\" data-end=\"2973\">\n<p data-start=\"2922\" data-end=\"2973\">Solicitar acesso aos dados que mantemos sobre voc\u00ea;<\/p>\n<\/li>\n<li data-start=\"2974\" data-end=\"3009\">\n<p data-start=\"2976\" data-end=\"3009\">Corrigir ou atualizar seus dados;<\/p>\n<\/li>\n<li data-start=\"3010\" data-end=\"3074\">\n<p data-start=\"3012\" data-end=\"3074\">Solicitar a portabilidade, anonimiza\u00e7\u00e3o ou exclus\u00e3o dos dados;<\/p>\n<\/li>\n<li data-start=\"3075\" data-end=\"3117\">\n<p data-start=\"3077\" data-end=\"3117\">Revogar consentimento, quando aplic\u00e1vel;<\/p>\n<\/li>\n<li data-start=\"3118\" data-end=\"3184\">\n<p data-start=\"3120\" data-end=\"3184\">Obter informa\u00e7\u00f5es sobre compartilhamento de dados com terceiros.<\/p>\n<\/li>\n<\/ul>\n<p data-start=\"3186\" data-end=\"3265\">Para exercer seus direitos, envie sua solicita\u00e7\u00e3o para: <strong data-start=\"3242\" data-end=\"3264\"><a class=\"cursor-pointer\" rel=\"noopener\" data-start=\"3244\" data-end=\"3262\">contato@sia.arq.br<\/a><\/strong>.<\/p>\n<hr data-start=\"3267\" data-end=\"3270\" \/>\n<h3 data-start=\"3272\" data-end=\"3308\">9. <strong data-start=\"3279\" data-end=\"3308\">Seguran\u00e7a e processamento<\/strong><\/h3>\n<p data-start=\"3309\" data-end=\"3585\">Todos os dados pessoais coletados s\u00e3o tratados com responsabilidade e armazenados em ambiente seguro. Utilizamos medidas t\u00e9cnicas e organizacionais para proteger suas informa\u00e7\u00f5es contra acessos n\u00e3o autorizados, vazamentos e altera\u00e7\u00f5es indevidas (conforme <strong data-start=\"3564\" data-end=\"3583\">art. 46 da LGPD<\/strong>).<\/p>\n<p data-start=\"3587\" data-end=\"3728\">Coment\u00e1rios podem ser verificados por sistemas autom\u00e1ticos de detec\u00e7\u00e3o de spam, com base no <strong data-start=\"3679\" data-end=\"3727\">leg\u00edtimo interesse e seguran\u00e7a da informa\u00e7\u00e3o<\/strong>.<\/p>\n<hr data-start=\"3730\" data-end=\"3733\" \/>\n<h3 data-start=\"3735\" data-end=\"3772\">10. <strong data-start=\"3743\" data-end=\"3772\">Altera\u00e7\u00f5es nesta pol\u00edtica<\/strong><\/h3>\n<p data-start=\"3773\" data-end=\"3929\">Esta pol\u00edtica poder\u00e1 ser atualizada para refletir mudan\u00e7as legislativas ou de nossas pr\u00e1ticas. Recomendamos que voc\u00ea consulte periodicamente este documento.<\/p>\n<p>\u00a0<\/p>\n<p data-start=\"3931\" data-end=\"3975\">\u00daltima atualiza\u00e7\u00e3o: <strong data-start=\"3951\" data-end=\"3975\">01 de agosto de 2025<\/strong><\/p>\t\t\t\t\t\t\t\t<\/div>\n\t\t\t\t<\/div>\n\t\t\t\t\t<\/div>\n\t\t\t\t<\/div>\n\t\t\t\t<\/div>\n\t\t","protected":false},"excerpt":{"rendered":"<p>Pol\u00edtica de Privacidade \u2013 SIA Arquitetura &amp; Design Atualizada conforme a LGPD (Lei n\u00ba 13.709\/2018) 1. Quem somos Este site pertence \u00e0 SIA Arquitetura &amp; Design, acess\u00edvel em: https:\/\/sia.arq.br. Prezamos pela prote\u00e7\u00e3o de seus dados pessoais, em conformidade com a Lei Geral de Prote\u00e7\u00e3o de Dados Pessoais (LGPD \u2013 Lei n\u00ba 13.709\/2018) e demais normas&hellip;<\/p>\n","protected":false},"author":1,"featured_media":0,"parent":0,"menu_order":0,"comment_status":"closed","ping_status":"closed","template":"","meta":{"footnotes":""},"class_list":["post-978","page","type-page","status-publish","hentry"],"yoast_head":"<!-- This site is optimized with the Yoast SEO plugin v25.6 - https:\/\/yoast.com\/wordpress\/plugins\/seo\/ -->\n<title>Pol\u00edtica de privacidade - SIA Arquittura e Designer<\/title>\n<meta name=\"robots\" content=\"index, follow, max-snippet:-1, max-image-preview:large, max-video-preview:-1\" \/>\n<meta property=\"og:locale\" content=\"pt_BR\" \/>\n<meta property=\"og:type\" content=\"article\" \/>\n<meta property=\"og:title\" content=\"Pol\u00edtica de privacidade - SIA Arquittura e Designer\" \/>\n<meta property=\"og:description\" content=\"Pol\u00edtica de Privacidade \u2013 SIA Arquitetura &amp; Design Atualizada conforme a LGPD (Lei n\u00ba 13.709\/2018) 1. Quem somos Este site pertence \u00e0 SIA Arquitetura &amp; Design, acess\u00edvel em: https:\/\/sia.arq.br. Prezamos pela prote\u00e7\u00e3o de seus dados pessoais, em conformidade com a Lei Geral de Prote\u00e7\u00e3o de Dados Pessoais (LGPD \u2013 Lei n\u00ba 13.709\/2018) e demais normas&hellip;\" \/>\n<meta property=\"og:url\" content=\"https:\/\/sia.arq.br\/index.php\/politica-de-privacidade\/\" \/>\n<meta property=\"og:site_name\" content=\"SIA Arquittura e Designer\" \/>\n<meta property=\"article:publisher\" content=\"https:\/\/web.facebook.com\/siarquitetura?locale=pt_BR\" \/>\n<meta property=\"article:modified_time\" content=\"2025-08-01T20:02:37+00:00\" \/>\n<meta name=\"twitter:card\" content=\"summary_large_image\" \/>\n<meta name=\"twitter:label1\" content=\"Est. tempo de leitura\" \/>\n\t<meta name=\"twitter:data1\" content=\"3 minutos\" \/>\n<script type=\"application\/ld+json\" class=\"yoast-schema-graph\">{\"@context\":\"https:\/\/schema.org\",\"@graph\":[{\"@type\":\"WebPage\",\"@id\":\"https:\/\/sia.arq.br\/index.php\/politica-de-privacidade\/\",\"url\":\"https:\/\/sia.arq.br\/index.php\/politica-de-privacidade\/\",\"name\":\"Pol\u00edtica de privacidade - SIA Arquittura e Designer\",\"isPartOf\":{\"@id\":\"https:\/\/sia.arq.br\/#website\"},\"datePublished\":\"2023-04-26T00:19:51+00:00\",\"dateModified\":\"2025-08-01T20:02:37+00:00\",\"breadcrumb\":{\"@id\":\"https:\/\/sia.arq.br\/index.php\/politica-de-privacidade\/#breadcrumb\"},\"inLanguage\":\"pt-BR\",\"potentialAction\":[{\"@type\":\"ReadAction\",\"target\":[\"https:\/\/sia.arq.br\/index.php\/politica-de-privacidade\/\"]}]},{\"@type\":\"BreadcrumbList\",\"@id\":\"https:\/\/sia.arq.br\/index.php\/politica-de-privacidade\/#breadcrumb\",\"itemListElement\":[{\"@type\":\"ListItem\",\"position\":1,\"name\":\"In\u00edcio\",\"item\":\"https:\/\/sia.arq.br\/\"},{\"@type\":\"ListItem\",\"position\":2,\"name\":\"Pol\u00edtica de privacidade\"}]},{\"@type\":\"WebSite\",\"@id\":\"https:\/\/sia.arq.br\/#website\",\"url\":\"https:\/\/sia.arq.br\/\",\"name\":\"SIA Arquitetura e Design\",\"description\":\"SIA Arquitetura e Designer\",\"publisher\":{\"@id\":\"https:\/\/sia.arq.br\/#organization\"},\"potentialAction\":[{\"@type\":\"SearchAction\",\"target\":{\"@type\":\"EntryPoint\",\"urlTemplate\":\"https:\/\/sia.arq.br\/?s={search_term_string}\"},\"query-input\":{\"@type\":\"PropertyValueSpecification\",\"valueRequired\":true,\"valueName\":\"search_term_string\"}}],\"inLanguage\":\"pt-BR\"},{\"@type\":\"Organization\",\"@id\":\"https:\/\/sia.arq.br\/#organization\",\"name\":\"SIA Arquitetura e Design\",\"url\":\"https:\/\/sia.arq.br\/\",\"logo\":{\"@type\":\"ImageObject\",\"inLanguage\":\"pt-BR\",\"@id\":\"https:\/\/sia.arq.br\/#\/schema\/logo\/image\/\",\"url\":\"https:\/\/sia.arq.br\/wp-content\/uploads\/2025\/04\/logo_sia_2022.jpg\",\"contentUrl\":\"https:\/\/sia.arq.br\/wp-content\/uploads\/2025\/04\/logo_sia_2022.jpg\",\"width\":500,\"height\":500,\"caption\":\"SIA Arquitetura e Design\"},\"image\":{\"@id\":\"https:\/\/sia.arq.br\/#\/schema\/logo\/image\/\"},\"sameAs\":[\"https:\/\/web.facebook.com\/siarquitetura?locale=pt_BR\",\"https:\/\/www.instagram.com\/sia_arquitetura\/\"]}]}<\/script>\n<!-- \/ Yoast SEO plugin. -->","yoast_head_json":{"title":"Pol\u00edtica de privacidade - SIA Arquittura e Designer","robots":{"index":"index","follow":"follow","max-snippet":"max-snippet:-1","max-image-preview":"max-image-preview:large","max-video-preview":"max-video-preview:-1"},"og_locale":"pt_BR","og_type":"article","og_title":"Pol\u00edtica de privacidade - SIA Arquittura e Designer","og_description":"Pol\u00edtica de Privacidade \u2013 SIA Arquitetura &amp; Design Atualizada conforme a LGPD (Lei n\u00ba 13.709\/2018) 1. Quem somos Este site pertence \u00e0 SIA Arquitetura &amp; Design, acess\u00edvel em: https:\/\/sia.arq.br. Prezamos pela prote\u00e7\u00e3o de seus dados pessoais, em conformidade com a Lei Geral de Prote\u00e7\u00e3o de Dados Pessoais (LGPD \u2013 Lei n\u00ba 13.709\/2018) e demais normas&hellip;","og_url":"https:\/\/sia.arq.br\/index.php\/politica-de-privacidade\/","og_site_name":"SIA Arquittura e Designer","article_publisher":"https:\/\/web.facebook.com\/siarquitetura?locale=pt_BR","article_modified_time":"2025-08-01T20:02:37+00:00","twitter_card":"summary_large_image","twitter_misc":{"Est. tempo de leitura":"3 minutos"},"schema":{"@context":"https:\/\/schema.org","@graph":[{"@type":"WebPage","@id":"https:\/\/sia.arq.br\/index.php\/politica-de-privacidade\/","url":"https:\/\/sia.arq.br\/index.php\/politica-de-privacidade\/","name":"Pol\u00edtica de privacidade - SIA Arquittura e Designer","isPartOf":{"@id":"https:\/\/sia.arq.br\/#website"},"datePublished":"2023-04-26T00:19:51+00:00","dateModified":"2025-08-01T20:02:37+00:00","breadcrumb":{"@id":"https:\/\/sia.arq.br\/index.php\/politica-de-privacidade\/#breadcrumb"},"inLanguage":"pt-BR","potentialAction":[{"@type":"ReadAction","target":["https:\/\/sia.arq.br\/index.php\/politica-de-privacidade\/"]}]},{"@type":"BreadcrumbList","@id":"https:\/\/sia.arq.br\/index.php\/politica-de-privacidade\/#breadcrumb","itemListElement":[{"@type":"ListItem","position":1,"name":"In\u00edcio","item":"https:\/\/sia.arq.br\/"},{"@type":"ListItem","position":2,"name":"Pol\u00edtica de privacidade"}]},{"@type":"WebSite","@id":"https:\/\/sia.arq.br\/#website","url":"https:\/\/sia.arq.br\/","name":"SIA Arquitetura e Design","description":"SIA Arquitetura e Designer","publisher":{"@id":"https:\/\/sia.arq.br\/#organization"},"potentialAction":[{"@type":"SearchAction","target":{"@type":"EntryPoint","urlTemplate":"https:\/\/sia.arq.br\/?s={search_term_string}"},"query-input":{"@type":"PropertyValueSpecification","valueRequired":true,"valueName":"search_term_string"}}],"inLanguage":"pt-BR"},{"@type":"Organization","@id":"https:\/\/sia.arq.br\/#organization","name":"SIA Arquitetura e Design","url":"https:\/\/sia.arq.br\/","logo":{"@type":"ImageObject","inLanguage":"pt-BR","@id":"https:\/\/sia.arq.br\/#\/schema\/logo\/image\/","url":"https:\/\/sia.arq.br\/wp-content\/uploads\/2025\/04\/logo_sia_2022.jpg","contentUrl":"https:\/\/sia.arq.br\/wp-content\/uploads\/2025\/04\/logo_sia_2022.jpg","width":500,"height":500,"caption":"SIA Arquitetura e Design"},"image":{"@id":"https:\/\/sia.arq.br\/#\/schema\/logo\/image\/"},"sameAs":["https:\/\/web.facebook.com\/siarquitetura?locale=pt_BR","https:\/\/www.instagram.com\/sia_arquitetura\/"]}]}},"_links":{"self":[{"href":"https:\/\/sia.arq.br\/index.php\/wp-json\/wp\/v2\/pages\/978"}],"collection":[{"href":"https:\/\/sia.arq.br\/index.php\/wp-json\/wp\/v2\/pages"}],"about":[{"href":"https:\/\/sia.arq.br\/index.php\/wp-json\/wp\/v2\/types\/page"}],"author":[{"embeddable":true,"href":"https:\/\/sia.arq.br\/index.php\/wp-json\/wp\/v2\/users\/1"}],"replies":[{"embeddable":true,"href":"https:\/\/sia.arq.br\/index.php\/wp-json\/wp\/v2\/comments?post=978"}],"version-history":[{"count":7,"href":"https:\/\/sia.arq.br\/index.php\/wp-json\/wp\/v2\/pages\/978\/revisions"}],"predecessor-version":[{"id":1023,"href":"https:\/\/sia.arq.br\/index.php\/wp-json\/wp\/v2\/pages\/978\/revisions\/1023"}],"wp:attachment":[{"href":"https:\/\/sia.arq.br\/index.php\/wp-json\/wp\/v2\/media?parent=978"}],"curies":[{"name":"wp","href":"https:\/\/api.w.org\/{rel}","templated":true}]}}