{"id":556,"date":"2015-12-02T15:35:39","date_gmt":"2015-12-02T18:35:39","guid":{"rendered":"http:\/\/sia.arq.br\/?page_id=556"},"modified":"2025-08-16T17:21:02","modified_gmt":"2025-08-16T20:21:02","slug":"workshop","status":"publish","type":"page","link":"https:\/\/sia.arq.br\/index.php\/workshop\/","title":{"rendered":"Cursos e Workshops"},"content":{"rendered":"\r\n<figure class=\"wp-block-image size-full is-resized is-style-default\"><a href=\"https:\/\/sia.arq.br\/wp-content\/uploads\/2025\/08\/chatgpt-image-5-de-jun.-de-2025-16_48_18.png\"><img fetchpriority=\"high\" decoding=\"async\" width=\"1024\" height=\"1024\" class=\"wp-image-1070 aligncenter\" style=\"object-fit: cover; width: 200px; height: 200px;\" src=\"https:\/\/sia.arq.br\/wp-content\/uploads\/2025\/08\/chatgpt-image-5-de-jun.-de-2025-16_48_18.png\" alt=\"\" \/><\/a><\/figure>\r\n\r\n\r\n\r\n<p style=\"text-align: left;\"><strong>A IARTE-SP \u00e9 uma escola de cursos livres<\/strong> criada por arquitetos(as) e educadores apaixonados pelo ensino com profundidade, clareza e prop\u00f3sito.<\/p>\r\n\r\n\r\n\r\n<p style=\"text-align: left;\">Acreditamos que aprender vai al\u00e9m da t\u00e9cnica. \u00c9 sobre compreender, aplicar e construir com consci\u00eancia \u2014 tanto na profiss\u00e3o quanto na vida.<\/p>\r\n\r\n\r\n\r\n<p style=\"text-align: left;\">Nossos cursos t\u00eam embasamento acad\u00eamico, pr\u00e1tica real e linguagem acess\u00edvel, para formar profissionais mais confiantes, cr\u00edticos e direitos autorais.<\/p>\r\n\r\n\r\n\r\n<p style=\"text-align: left;\">Aqui, o conhecimento tem base. A arquitetura tem sentido. E o seu caminho ganha dire\u00e7\u00e3o.<\/p>\r\n\r\n\r\n\r\n<div class=\"wp-block-buttons is-layout-flex wp-block-buttons-is-layout-flex\">\r\n<div class=\"wp-block-button has-custom-width wp-block-button__width-75\" style=\"text-align: center;\"><a class=\"wp-block-button__link wp-element-button\" href=\"https:\/\/escola.iartesp.com.br\/\" rel=\"https:\/\/escola.iartesp.com.br\/\"><strong>Acesse Iarte-SP escola de cursos livres<\/strong><\/a><\/div>\r\n<\/div>\r\n\r\n\r\n\r\n<p>&nbsp;<\/p>\r\n","protected":false},"excerpt":{"rendered":"<p>A IARTE-SP \u00e9 uma escola de cursos livres criada por arquitetos(as) e educadores apaixonados pelo ensino com profundidade, clareza e prop\u00f3sito. Acreditamos que aprender vai al\u00e9m da t\u00e9cnica. \u00c9 sobre compreender, aplicar e construir com consci\u00eancia \u2014 tanto na profiss\u00e3o quanto na vida. Nossos cursos t\u00eam embasamento acad\u00eamico, pr\u00e1tica real e linguagem acess\u00edvel, para formar&hellip;<\/p>\n","protected":false},"author":1,"featured_media":0,"parent":0,"menu_order":0,"comment_status":"open","ping_status":"open","template":"","meta":{"footnotes":""},"class_list":["post-556","page","type-page","status-publish","hentry"],"yoast_head":"<!-- This site is optimized with the Yoast SEO plugin v25.6 - https:\/\/yoast.com\/wordpress\/plugins\/seo\/ -->\n<title>Cursos e Workshops - SIA Arquittura e Designer<\/title>\n<meta name=\"robots\" content=\"index, follow, max-snippet:-1, max-image-preview:large, max-video-preview:-1\" \/>\n<meta property=\"og:locale\" content=\"pt_BR\" \/>\n<meta property=\"og:type\" content=\"article\" \/>\n<meta property=\"og:title\" content=\"Cursos e Workshops - SIA Arquittura e Designer\" \/>\n<meta property=\"og:description\" content=\"A IARTE-SP \u00e9 uma escola de cursos livres criada por arquitetos(as) e educadores apaixonados pelo ensino com profundidade, clareza e prop\u00f3sito. Acreditamos que aprender vai al\u00e9m da t\u00e9cnica. \u00c9 sobre compreender, aplicar e construir com consci\u00eancia \u2014 tanto na profiss\u00e3o quanto na vida. Nossos cursos t\u00eam embasamento acad\u00eamico, pr\u00e1tica real e linguagem acess\u00edvel, para formar&hellip;\" \/>\n<meta property=\"og:url\" content=\"https:\/\/sia.arq.br\/index.php\/workshop\/\" \/>\n<meta property=\"og:site_name\" content=\"SIA Arquittura e Designer\" \/>\n<meta property=\"article:publisher\" content=\"https:\/\/web.facebook.com\/siarquitetura?locale=pt_BR\" \/>\n<meta property=\"article:modified_time\" content=\"2025-08-16T20:21:02+00:00\" \/>\n<meta property=\"og:image\" content=\"https:\/\/sia.arq.br\/wp-content\/uploads\/2025\/08\/chatgpt-image-5-de-jun.-de-2025-16_48_18.png\" \/>\n\t<meta property=\"og:image:width\" content=\"1024\" \/>\n\t<meta property=\"og:image:height\" content=\"1024\" \/>\n\t<meta property=\"og:image:type\" content=\"image\/png\" \/>\n<meta name=\"twitter:card\" content=\"summary_large_image\" \/>\n<meta name=\"twitter:label1\" content=\"Est. tempo de leitura\" \/>\n\t<meta name=\"twitter:data1\" content=\"1 minuto\" \/>\n<script type=\"application\/ld+json\" class=\"yoast-schema-graph\">{\"@context\":\"https:\/\/schema.org\",\"@graph\":[{\"@type\":\"WebPage\",\"@id\":\"https:\/\/sia.arq.br\/index.php\/workshop\/\",\"url\":\"https:\/\/sia.arq.br\/index.php\/workshop\/\",\"name\":\"Cursos e Workshops - SIA Arquittura e Designer\",\"isPartOf\":{\"@id\":\"https:\/\/sia.arq.br\/#website\"},\"primaryImageOfPage\":{\"@id\":\"https:\/\/sia.arq.br\/index.php\/workshop\/#primaryimage\"},\"image\":{\"@id\":\"https:\/\/sia.arq.br\/index.php\/workshop\/#primaryimage\"},\"thumbnailUrl\":\"https:\/\/sia.arq.br\/wp-content\/uploads\/2025\/08\/chatgpt-image-5-de-jun.-de-2025-16_48_18.png\",\"datePublished\":\"2015-12-02T18:35:39+00:00\",\"dateModified\":\"2025-08-16T20:21:02+00:00\",\"breadcrumb\":{\"@id\":\"https:\/\/sia.arq.br\/index.php\/workshop\/#breadcrumb\"},\"inLanguage\":\"pt-BR\",\"potentialAction\":[{\"@type\":\"ReadAction\",\"target\":[\"https:\/\/sia.arq.br\/index.php\/workshop\/\"]}]},{\"@type\":\"ImageObject\",\"inLanguage\":\"pt-BR\",\"@id\":\"https:\/\/sia.arq.br\/index.php\/workshop\/#primaryimage\",\"url\":\"https:\/\/sia.arq.br\/wp-content\/uploads\/2025\/08\/chatgpt-image-5-de-jun.-de-2025-16_48_18.png\",\"contentUrl\":\"https:\/\/sia.arq.br\/wp-content\/uploads\/2025\/08\/chatgpt-image-5-de-jun.-de-2025-16_48_18.png\"},{\"@type\":\"BreadcrumbList\",\"@id\":\"https:\/\/sia.arq.br\/index.php\/workshop\/#breadcrumb\",\"itemListElement\":[{\"@type\":\"ListItem\",\"position\":1,\"name\":\"In\u00edcio\",\"item\":\"https:\/\/sia.arq.br\/\"},{\"@type\":\"ListItem\",\"position\":2,\"name\":\"Cursos e Workshops\"}]},{\"@type\":\"WebSite\",\"@id\":\"https:\/\/sia.arq.br\/#website\",\"url\":\"https:\/\/sia.arq.br\/\",\"name\":\"SIA Arquitetura e Design\",\"description\":\"SIA Arquitetura e Designer\",\"publisher\":{\"@id\":\"https:\/\/sia.arq.br\/#organization\"},\"potentialAction\":[{\"@type\":\"SearchAction\",\"target\":{\"@type\":\"EntryPoint\",\"urlTemplate\":\"https:\/\/sia.arq.br\/?s={search_term_string}\"},\"query-input\":{\"@type\":\"PropertyValueSpecification\",\"valueRequired\":true,\"valueName\":\"search_term_string\"}}],\"inLanguage\":\"pt-BR\"},{\"@type\":\"Organization\",\"@id\":\"https:\/\/sia.arq.br\/#organization\",\"name\":\"SIA Arquitetura e Design\",\"url\":\"https:\/\/sia.arq.br\/\",\"logo\":{\"@type\":\"ImageObject\",\"inLanguage\":\"pt-BR\",\"@id\":\"https:\/\/sia.arq.br\/#\/schema\/logo\/image\/\",\"url\":\"https:\/\/sia.arq.br\/wp-content\/uploads\/2025\/04\/logo_sia_2022.jpg\",\"contentUrl\":\"https:\/\/sia.arq.br\/wp-content\/uploads\/2025\/04\/logo_sia_2022.jpg\",\"width\":500,\"height\":500,\"caption\":\"SIA Arquitetura e Design\"},\"image\":{\"@id\":\"https:\/\/sia.arq.br\/#\/schema\/logo\/image\/\"},\"sameAs\":[\"https:\/\/web.facebook.com\/siarquitetura?locale=pt_BR\",\"https:\/\/www.instagram.com\/sia_arquitetura\/\"]}]}<\/script>\n<!-- \/ Yoast SEO plugin. -->","yoast_head_json":{"title":"Cursos e Workshops - SIA Arquittura e Designer","robots":{"index":"index","follow":"follow","max-snippet":"max-snippet:-1","max-image-preview":"max-image-preview:large","max-video-preview":"max-video-preview:-1"},"og_locale":"pt_BR","og_type":"article","og_title":"Cursos e Workshops - SIA Arquittura e Designer","og_description":"A IARTE-SP \u00e9 uma escola de cursos livres criada por arquitetos(as) e educadores apaixonados pelo ensino com profundidade, clareza e prop\u00f3sito. Acreditamos que aprender vai al\u00e9m da t\u00e9cnica. \u00c9 sobre compreender, aplicar e construir com consci\u00eancia \u2014 tanto na profiss\u00e3o quanto na vida. Nossos cursos t\u00eam embasamento acad\u00eamico, pr\u00e1tica real e linguagem acess\u00edvel, para formar&hellip;","og_url":"https:\/\/sia.arq.br\/index.php\/workshop\/","og_site_name":"SIA Arquittura e Designer","article_publisher":"https:\/\/web.facebook.com\/siarquitetura?locale=pt_BR","article_modified_time":"2025-08-16T20:21:02+00:00","og_image":[{"width":1024,"height":1024,"url":"https:\/\/sia.arq.br\/wp-content\/uploads\/2025\/08\/chatgpt-image-5-de-jun.-de-2025-16_48_18.png","type":"image\/png"}],"twitter_card":"summary_large_image","twitter_misc":{"Est. tempo de leitura":"1 minuto"},"schema":{"@context":"https:\/\/schema.org","@graph":[{"@type":"WebPage","@id":"https:\/\/sia.arq.br\/index.php\/workshop\/","url":"https:\/\/sia.arq.br\/index.php\/workshop\/","name":"Cursos e Workshops - SIA Arquittura e Designer","isPartOf":{"@id":"https:\/\/sia.arq.br\/#website"},"primaryImageOfPage":{"@id":"https:\/\/sia.arq.br\/index.php\/workshop\/#primaryimage"},"image":{"@id":"https:\/\/sia.arq.br\/index.php\/workshop\/#primaryimage"},"thumbnailUrl":"https:\/\/sia.arq.br\/wp-content\/uploads\/2025\/08\/chatgpt-image-5-de-jun.-de-2025-16_48_18.png","datePublished":"2015-12-02T18:35:39+00:00","dateModified":"2025-08-16T20:21:02+00:00","breadcrumb":{"@id":"https:\/\/sia.arq.br\/index.php\/workshop\/#breadcrumb"},"inLanguage":"pt-BR","potentialAction":[{"@type":"ReadAction","target":["https:\/\/sia.arq.br\/index.php\/workshop\/"]}]},{"@type":"ImageObject","inLanguage":"pt-BR","@id":"https:\/\/sia.arq.br\/index.php\/workshop\/#primaryimage","url":"https:\/\/sia.arq.br\/wp-content\/uploads\/2025\/08\/chatgpt-image-5-de-jun.-de-2025-16_48_18.png","contentUrl":"https:\/\/sia.arq.br\/wp-content\/uploads\/2025\/08\/chatgpt-image-5-de-jun.-de-2025-16_48_18.png"},{"@type":"BreadcrumbList","@id":"https:\/\/sia.arq.br\/index.php\/workshop\/#breadcrumb","itemListElement":[{"@type":"ListItem","position":1,"name":"In\u00edcio","item":"https:\/\/sia.arq.br\/"},{"@type":"ListItem","position":2,"name":"Cursos e Workshops"}]},{"@type":"WebSite","@id":"https:\/\/sia.arq.br\/#website","url":"https:\/\/sia.arq.br\/","name":"SIA Arquitetura e Design","description":"SIA Arquitetura e Designer","publisher":{"@id":"https:\/\/sia.arq.br\/#organization"},"potentialAction":[{"@type":"SearchAction","target":{"@type":"EntryPoint","urlTemplate":"https:\/\/sia.arq.br\/?s={search_term_string}"},"query-input":{"@type":"PropertyValueSpecification","valueRequired":true,"valueName":"search_term_string"}}],"inLanguage":"pt-BR"},{"@type":"Organization","@id":"https:\/\/sia.arq.br\/#organization","name":"SIA Arquitetura e Design","url":"https:\/\/sia.arq.br\/","logo":{"@type":"ImageObject","inLanguage":"pt-BR","@id":"https:\/\/sia.arq.br\/#\/schema\/logo\/image\/","url":"https:\/\/sia.arq.br\/wp-content\/uploads\/2025\/04\/logo_sia_2022.jpg","contentUrl":"https:\/\/sia.arq.br\/wp-content\/uploads\/2025\/04\/logo_sia_2022.jpg","width":500,"height":500,"caption":"SIA Arquitetura e Design"},"image":{"@id":"https:\/\/sia.arq.br\/#\/schema\/logo\/image\/"},"sameAs":["https:\/\/web.facebook.com\/siarquitetura?locale=pt_BR","https:\/\/www.instagram.com\/sia_arquitetura\/"]}]}},"_links":{"self":[{"href":"https:\/\/sia.arq.br\/index.php\/wp-json\/wp\/v2\/pages\/556"}],"collection":[{"href":"https:\/\/sia.arq.br\/index.php\/wp-json\/wp\/v2\/pages"}],"about":[{"href":"https:\/\/sia.arq.br\/index.php\/wp-json\/wp\/v2\/types\/page"}],"author":[{"embeddable":true,"href":"https:\/\/sia.arq.br\/index.php\/wp-json\/wp\/v2\/users\/1"}],"replies":[{"embeddable":true,"href":"https:\/\/sia.arq.br\/index.php\/wp-json\/wp\/v2\/comments?post=556"}],"version-history":[{"count":20,"href":"https:\/\/sia.arq.br\/index.php\/wp-json\/wp\/v2\/pages\/556\/revisions"}],"predecessor-version":[{"id":1217,"href":"https:\/\/sia.arq.br\/index.php\/wp-json\/wp\/v2\/pages\/556\/revisions\/1217"}],"wp:attachment":[{"href":"https:\/\/sia.arq.br\/index.php\/wp-json\/wp\/v2\/media?parent=556"}],"curies":[{"name":"wp","href":"https:\/\/api.w.org\/{rel}","templated":true}]}}