{"id":155,"date":"2014-12-10T11:09:55","date_gmt":"2014-12-10T11:09:55","guid":{"rendered":"http:\/\/pixelgrade.com\/demos\/mies\/?page_id=155"},"modified":"2025-08-16T17:23:15","modified_gmt":"2025-08-16T20:23:15","slug":"profile-awards","status":"publish","type":"page","link":"https:\/\/sia.arq.br\/index.php\/profile\/profile-awards\/","title":{"rendered":"Publica\u00e7\u00f5es &#8211; Pr\u00eamios"},"content":{"rendered":"\r\n<p><strong><mark class=\"has-inline-color has-black-color\" style=\"background-color: rgba(0, 0, 0, 0);\">Publica\u00e7\u00f5es<\/mark><\/strong><\/p>\r\n\r\n\r\n\r\n<p><strong>Flooding in S\u00e3o Paulo: A Call to Action for Resilient Infrastructure<\/strong><\/p>\r\n\r\n\r\n\r\n<p>ISAAC, Solimar Mendes; SATO, Andr\u00e9 Eiji; MORITA, Gabriela Katie Silva. <strong>Flooding in S\u00e3o Paulo: A Call to Action for Resilient Infrastructure<\/strong>. In: PLEA 2024 \u2013 37\u00aa Confer\u00eancia <em>Passive and Low Energy Architecture<\/em>, Anais [&#8230;]. (Re)pensando a Resili\u00eancia. Wroc\u0142aw, Pol\u00f4nia, 26\u201328 jun. 2024. p. 783\u2013788.<\/p>\r\n\r\n\r\n\r\n<div class=\"wp-block-buttons is-layout-flex wp-block-buttons-is-layout-flex\">\r\n<div class=\"wp-block-button\"><a class=\"wp-block-button__link wp-element-button\" href=\"https:\/\/dbc.wroc.pl\/dlibra\/publication\/165715\">Flooding in S\u00e3o Paulo: A Call to Action for Resilient Infrastructure<\/a><\/div>\r\n<\/div>\r\n\r\n\r\n\r\n<p><strong>Treinamento da popula\u00e7\u00e3o como estrat\u00e9gia para cidades resilientes<\/strong><\/p>\r\n\r\n\r\n\r\n<p>ISAAC, S. M. Treinamento da popula\u00e7\u00e3o como estrat\u00e9gia para cidades resilientes.\u00a0<strong>Caderno Pedag\u00f3gico<\/strong>,\u00a0<em>[S. l.]<\/em>, v. 22, n. 5, p. e14750, 2025. DOI: 10.54033\/cadpedv22n5-099. Dispon\u00edvel em: <a href=\"https:\/\/ojs.studiespublicacoes.com.br\/ojs\/index.php\/cadped\/article\/view\/14750\">https:\/\/ojs.studiespublicacoes.com.br\/ojs\/index.php\/cadped\/article\/view\/14750<\/a>. Acesso em: 4 ago. 2025.<\/p>\r\n\r\n\r\n\r\n<div class=\"wp-block-buttons is-layout-flex wp-block-buttons-is-layout-flex\">\r\n<div class=\"wp-block-button has-custom-width wp-block-button__width-100 is-style-fill\"><a class=\"wp-block-button__link wp-element-button\" href=\"https:\/\/ojs.studiespublicacoes.com.br\/ojs\/index.php\/cadped\/article\/view\/14750\">Treinamento da popula\u00e7\u00e3o como estrat\u00e9gia para cidades resilientes<\/a><\/div>\r\n<\/div>\r\n\r\n\r\n\r\n<p>&nbsp;<\/p>\r\n\r\n\r\n\r\n<p><strong>Conforto ambiental, cidades e ergonomia: uma an\u00e1lise nas ruas do bairro Butant\u00e3<\/strong><\/p>\r\n\r\n\r\n\r\n<p>ISAAC, S. M; FERREIRA, LR; VIANA, KRC; MORITA, GKS; SILVA, MVR Conforto ambiental, cidades e ergonomia: uma an\u00e1lise nas ruas do bairro Butant\u00e3.\u00a0<br \/><strong>Revista Brasileira de Desenvolvimento<\/strong>\u00a0,\u00a0<br \/><em>[S. l.]<\/em>\u00a0, v. 05, p\u00e1g. 14923\u201314944, 2023. DOI: 10.34117\/bjdv9n5-030. Dispon\u00edvel em: <a href=\"https:\/\/ojs.brazilianjournals.com.br\/ojs\/index.php\/BRJD\/article\/view\/59410\">https:\/\/ojs.brazilianjournals.com.br\/ojs\/index.php\/BRJD\/article\/view\/59410<\/a>. Acesso em: 4 ago. 2025.<\/p>\r\n\r\n\r\n\r\n<div class=\"wp-block-buttons is-layout-flex wp-block-buttons-is-layout-flex\">\r\n<div class=\"wp-block-button\"><a class=\"wp-block-button__link wp-element-button\" href=\"https:\/\/ojs.brazilianjournals.com.br\/ojs\/index.php\/BRJD\/article\/view\/59410\">Conforto ambiental, cidades e ergonomia: uma an\u00e1lise nas ruas do bairro Butant\u00e3<\/a><\/div>\r\n<\/div>\r\n\r\n\r\n\r\n<p><strong>Cidade inclusiva: os espa\u00e7os p\u00fablicos e as mulheres<\/strong><\/p>\r\n\r\n\r\n\r\n<p>ISAAC, S. M. Cidade inclusiva: os espa\u00e7os p\u00fablicos e as mulheres. <em>Revista Nossa Am\u00e9rica<\/em>, S\u00e3o Paulo, n.\u202f61, p.\u202f16\u201321, jul. 2023. Funda\u00e7\u00e3o Memorial da Am\u00e9rica Latina. ISSN 0103-6777. Dispon\u00edvel em: <a class=\"\" href=\"https:\/\/www.memorial.org.br\">https:\/\/memorial.org.br\/wp-content\/uploads\/2023\/09\/Nossa-Am%C3%A9rica-61.pdf<\/a>. Acesso em: 4 ago. 2025.<\/p>\r\n\r\n\r\n\r\n<div class=\"wp-block-buttons is-layout-flex wp-block-buttons-is-layout-flex\">\r\n<div class=\"wp-block-button\"><a class=\"wp-block-button__link wp-element-button\" href=\"https:\/\/memorial.org.br\/wp-content\/uploads\/2023\/09\/Nossa-Am%C3%A9rica-61.pdf\">Cidade inclusiva: os espa\u00e7os p\u00fablicos e as mulheres<\/a><\/div>\r\n<\/div>\r\n\r\n\r\n\r\n<p><strong>Geometria fractal e os vazios urbanos (euclidianos) <\/strong><\/p>\r\n\r\n\r\n\r\n<p>ISAAC, Solimar Mendes; GOMES, Fernando. Geometria fractal e os vazios urbanos (euclidianos). In: <em>Arquitetura e Urbanismo: Compet\u00eancia e Sintonia com os Novos Paradigmas do Mercado<\/em> \u2013 v.\u202f2. S\u00e3o Paulo: Atena Editora, 2020. DOI: <a>https:\/\/doi.org\/10.22533\/at.ed.29220290411<\/a>.<\/p>\r\n\r\n\r\n\r\n<p>&nbsp;<\/p>\r\n","protected":false},"excerpt":{"rendered":"<p>Publica\u00e7\u00f5es Flooding in S\u00e3o Paulo: A Call to Action for Resilient Infrastructure ISAAC, Solimar Mendes; SATO, Andr\u00e9 Eiji; MORITA, Gabriela Katie Silva. Flooding in S\u00e3o Paulo: A Call to Action for Resilient Infrastructure. In: PLEA 2024 \u2013 37\u00aa Confer\u00eancia Passive and Low Energy Architecture, Anais [&#8230;]. (Re)pensando a Resili\u00eancia. Wroc\u0142aw, Pol\u00f4nia, 26\u201328 jun. 2024. p.&hellip;<\/p>\n","protected":false},"author":1,"featured_media":0,"parent":130,"menu_order":3,"comment_status":"open","ping_status":"open","template":"","meta":{"footnotes":""},"class_list":["post-155","page","type-page","status-publish","hentry"],"yoast_head":"<!-- This site is optimized with the Yoast SEO plugin v25.6 - https:\/\/yoast.com\/wordpress\/plugins\/seo\/ -->\n<title>Publica\u00e7\u00f5es - Pr\u00eamios - SIA Arquittura e Designer<\/title>\n<meta name=\"robots\" content=\"index, follow, max-snippet:-1, max-image-preview:large, max-video-preview:-1\" \/>\n<meta property=\"og:locale\" content=\"pt_BR\" \/>\n<meta property=\"og:type\" content=\"article\" \/>\n<meta property=\"og:title\" content=\"Publica\u00e7\u00f5es - Pr\u00eamios - SIA Arquittura e Designer\" \/>\n<meta property=\"og:description\" content=\"Publica\u00e7\u00f5es Flooding in S\u00e3o Paulo: A Call to Action for Resilient Infrastructure ISAAC, Solimar Mendes; SATO, Andr\u00e9 Eiji; MORITA, Gabriela Katie Silva. Flooding in S\u00e3o Paulo: A Call to Action for Resilient Infrastructure. In: PLEA 2024 \u2013 37\u00aa Confer\u00eancia Passive and Low Energy Architecture, Anais [&#8230;]. (Re)pensando a Resili\u00eancia. Wroc\u0142aw, Pol\u00f4nia, 26\u201328 jun. 2024. p.&hellip;\" \/>\n<meta property=\"og:url\" content=\"https:\/\/sia.arq.br\/index.php\/profile\/profile-awards\/\" \/>\n<meta property=\"og:site_name\" content=\"SIA Arquittura e Designer\" \/>\n<meta property=\"article:publisher\" content=\"https:\/\/web.facebook.com\/siarquitetura?locale=pt_BR\" \/>\n<meta property=\"article:modified_time\" content=\"2025-08-16T20:23:15+00:00\" \/>\n<meta name=\"twitter:card\" content=\"summary_large_image\" \/>\n<meta name=\"twitter:label1\" content=\"Est. tempo de leitura\" \/>\n\t<meta name=\"twitter:data1\" content=\"2 minutos\" \/>\n<script type=\"application\/ld+json\" class=\"yoast-schema-graph\">{\"@context\":\"https:\/\/schema.org\",\"@graph\":[{\"@type\":\"WebPage\",\"@id\":\"https:\/\/sia.arq.br\/index.php\/profile\/profile-awards\/\",\"url\":\"https:\/\/sia.arq.br\/index.php\/profile\/profile-awards\/\",\"name\":\"Publica\u00e7\u00f5es - Pr\u00eamios - SIA Arquittura e Designer\",\"isPartOf\":{\"@id\":\"https:\/\/sia.arq.br\/#website\"},\"datePublished\":\"2014-12-10T11:09:55+00:00\",\"dateModified\":\"2025-08-16T20:23:15+00:00\",\"breadcrumb\":{\"@id\":\"https:\/\/sia.arq.br\/index.php\/profile\/profile-awards\/#breadcrumb\"},\"inLanguage\":\"pt-BR\",\"potentialAction\":[{\"@type\":\"ReadAction\",\"target\":[\"https:\/\/sia.arq.br\/index.php\/profile\/profile-awards\/\"]}]},{\"@type\":\"BreadcrumbList\",\"@id\":\"https:\/\/sia.arq.br\/index.php\/profile\/profile-awards\/#breadcrumb\",\"itemListElement\":[{\"@type\":\"ListItem\",\"position\":1,\"name\":\"In\u00edcio\",\"item\":\"https:\/\/sia.arq.br\/\"},{\"@type\":\"ListItem\",\"position\":2,\"name\":\"\u2726 SIA Arquitetura e Design\",\"item\":\"https:\/\/sia.arq.br\/index.php\/profile\/\"},{\"@type\":\"ListItem\",\"position\":3,\"name\":\"Publica\u00e7\u00f5es &#8211; Pr\u00eamios\"}]},{\"@type\":\"WebSite\",\"@id\":\"https:\/\/sia.arq.br\/#website\",\"url\":\"https:\/\/sia.arq.br\/\",\"name\":\"SIA Arquitetura e Design\",\"description\":\"SIA Arquitetura e Designer\",\"publisher\":{\"@id\":\"https:\/\/sia.arq.br\/#organization\"},\"potentialAction\":[{\"@type\":\"SearchAction\",\"target\":{\"@type\":\"EntryPoint\",\"urlTemplate\":\"https:\/\/sia.arq.br\/?s={search_term_string}\"},\"query-input\":{\"@type\":\"PropertyValueSpecification\",\"valueRequired\":true,\"valueName\":\"search_term_string\"}}],\"inLanguage\":\"pt-BR\"},{\"@type\":\"Organization\",\"@id\":\"https:\/\/sia.arq.br\/#organization\",\"name\":\"SIA Arquitetura e Design\",\"url\":\"https:\/\/sia.arq.br\/\",\"logo\":{\"@type\":\"ImageObject\",\"inLanguage\":\"pt-BR\",\"@id\":\"https:\/\/sia.arq.br\/#\/schema\/logo\/image\/\",\"url\":\"https:\/\/sia.arq.br\/wp-content\/uploads\/2025\/04\/logo_sia_2022.jpg\",\"contentUrl\":\"https:\/\/sia.arq.br\/wp-content\/uploads\/2025\/04\/logo_sia_2022.jpg\",\"width\":500,\"height\":500,\"caption\":\"SIA Arquitetura e Design\"},\"image\":{\"@id\":\"https:\/\/sia.arq.br\/#\/schema\/logo\/image\/\"},\"sameAs\":[\"https:\/\/web.facebook.com\/siarquitetura?locale=pt_BR\",\"https:\/\/www.instagram.com\/sia_arquitetura\/\"]}]}<\/script>\n<!-- \/ Yoast SEO plugin. -->","yoast_head_json":{"title":"Publica\u00e7\u00f5es - Pr\u00eamios - SIA Arquittura e Designer","robots":{"index":"index","follow":"follow","max-snippet":"max-snippet:-1","max-image-preview":"max-image-preview:large","max-video-preview":"max-video-preview:-1"},"og_locale":"pt_BR","og_type":"article","og_title":"Publica\u00e7\u00f5es - Pr\u00eamios - SIA Arquittura e Designer","og_description":"Publica\u00e7\u00f5es Flooding in S\u00e3o Paulo: A Call to Action for Resilient Infrastructure ISAAC, Solimar Mendes; SATO, Andr\u00e9 Eiji; MORITA, Gabriela Katie Silva. Flooding in S\u00e3o Paulo: A Call to Action for Resilient Infrastructure. In: PLEA 2024 \u2013 37\u00aa Confer\u00eancia Passive and Low Energy Architecture, Anais [&#8230;]. (Re)pensando a Resili\u00eancia. Wroc\u0142aw, Pol\u00f4nia, 26\u201328 jun. 2024. p.&hellip;","og_url":"https:\/\/sia.arq.br\/index.php\/profile\/profile-awards\/","og_site_name":"SIA Arquittura e Designer","article_publisher":"https:\/\/web.facebook.com\/siarquitetura?locale=pt_BR","article_modified_time":"2025-08-16T20:23:15+00:00","twitter_card":"summary_large_image","twitter_misc":{"Est. tempo de leitura":"2 minutos"},"schema":{"@context":"https:\/\/schema.org","@graph":[{"@type":"WebPage","@id":"https:\/\/sia.arq.br\/index.php\/profile\/profile-awards\/","url":"https:\/\/sia.arq.br\/index.php\/profile\/profile-awards\/","name":"Publica\u00e7\u00f5es - Pr\u00eamios - SIA Arquittura e Designer","isPartOf":{"@id":"https:\/\/sia.arq.br\/#website"},"datePublished":"2014-12-10T11:09:55+00:00","dateModified":"2025-08-16T20:23:15+00:00","breadcrumb":{"@id":"https:\/\/sia.arq.br\/index.php\/profile\/profile-awards\/#breadcrumb"},"inLanguage":"pt-BR","potentialAction":[{"@type":"ReadAction","target":["https:\/\/sia.arq.br\/index.php\/profile\/profile-awards\/"]}]},{"@type":"BreadcrumbList","@id":"https:\/\/sia.arq.br\/index.php\/profile\/profile-awards\/#breadcrumb","itemListElement":[{"@type":"ListItem","position":1,"name":"In\u00edcio","item":"https:\/\/sia.arq.br\/"},{"@type":"ListItem","position":2,"name":"\u2726 SIA Arquitetura e Design","item":"https:\/\/sia.arq.br\/index.php\/profile\/"},{"@type":"ListItem","position":3,"name":"Publica\u00e7\u00f5es &#8211; Pr\u00eamios"}]},{"@type":"WebSite","@id":"https:\/\/sia.arq.br\/#website","url":"https:\/\/sia.arq.br\/","name":"SIA Arquitetura e Design","description":"SIA Arquitetura e Designer","publisher":{"@id":"https:\/\/sia.arq.br\/#organization"},"potentialAction":[{"@type":"SearchAction","target":{"@type":"EntryPoint","urlTemplate":"https:\/\/sia.arq.br\/?s={search_term_string}"},"query-input":{"@type":"PropertyValueSpecification","valueRequired":true,"valueName":"search_term_string"}}],"inLanguage":"pt-BR"},{"@type":"Organization","@id":"https:\/\/sia.arq.br\/#organization","name":"SIA Arquitetura e Design","url":"https:\/\/sia.arq.br\/","logo":{"@type":"ImageObject","inLanguage":"pt-BR","@id":"https:\/\/sia.arq.br\/#\/schema\/logo\/image\/","url":"https:\/\/sia.arq.br\/wp-content\/uploads\/2025\/04\/logo_sia_2022.jpg","contentUrl":"https:\/\/sia.arq.br\/wp-content\/uploads\/2025\/04\/logo_sia_2022.jpg","width":500,"height":500,"caption":"SIA Arquitetura e Design"},"image":{"@id":"https:\/\/sia.arq.br\/#\/schema\/logo\/image\/"},"sameAs":["https:\/\/web.facebook.com\/siarquitetura?locale=pt_BR","https:\/\/www.instagram.com\/sia_arquitetura\/"]}]}},"_links":{"self":[{"href":"https:\/\/sia.arq.br\/index.php\/wp-json\/wp\/v2\/pages\/155"}],"collection":[{"href":"https:\/\/sia.arq.br\/index.php\/wp-json\/wp\/v2\/pages"}],"about":[{"href":"https:\/\/sia.arq.br\/index.php\/wp-json\/wp\/v2\/types\/page"}],"author":[{"embeddable":true,"href":"https:\/\/sia.arq.br\/index.php\/wp-json\/wp\/v2\/users\/1"}],"replies":[{"embeddable":true,"href":"https:\/\/sia.arq.br\/index.php\/wp-json\/wp\/v2\/comments?post=155"}],"version-history":[{"count":13,"href":"https:\/\/sia.arq.br\/index.php\/wp-json\/wp\/v2\/pages\/155\/revisions"}],"predecessor-version":[{"id":1219,"href":"https:\/\/sia.arq.br\/index.php\/wp-json\/wp\/v2\/pages\/155\/revisions\/1219"}],"up":[{"embeddable":true,"href":"https:\/\/sia.arq.br\/index.php\/wp-json\/wp\/v2\/pages\/130"}],"wp:attachment":[{"href":"https:\/\/sia.arq.br\/index.php\/wp-json\/wp\/v2\/media?parent=155"}],"curies":[{"name":"wp","href":"https:\/\/api.w.org\/{rel}","templated":true}]}}