{"id":145,"date":"2014-12-10T10:55:54","date_gmt":"2014-12-10T10:55:54","guid":{"rendered":"http:\/\/pixelgrade.com\/demos\/mies\/?page_id=145"},"modified":"2025-08-16T17:24:28","modified_gmt":"2025-08-16T20:24:28","slug":"profile-team","status":"publish","type":"page","link":"https:\/\/sia.arq.br\/index.php\/profile\/profile-team\/","title":{"rendered":"Profa. Dra. Solimar Mendes Isaac"},"content":{"rendered":"<p><a href=\"https:\/\/sia.arq.br\/wp-content\/uploads\/2025\/08\/bea-proposta-comercial.png\"><img fetchpriority=\"high\" decoding=\"async\" class=\"aligncenter wp-image-1033 size-full\" src=\"https:\/\/sia.arq.br\/wp-content\/uploads\/2025\/08\/bea-proposta-comercial.png\" alt=\"\" width=\"353\" height=\"376\" \/><\/a><\/p>\r\n<p style=\"text-align: left;\"><strong>Solimar Mendes Isaac<\/strong> \u00e9 Arquiteta e Urbanista, pesquisadora e educadora. Doutora em Tecnologia da Arquitetura na Faculdade de Arquitetura e Urbanismo de S\u00e3o Paulo, Mestre em Arquitetura e Urbanismo pela mesma faculdade. Em 2021 tornou-se pesquisadora do USPCidades \u2013 N\u00facleo de Apoio \u00e0 Pesquisa \u2013 USP desenvolvendo pesquisa com processamento de dados e geoprocessamento. \u00c9 palestrante no programa de p\u00f3s-gradua\u00e7\u00e3o da Faculdade de Arquitetura e Urbanismo da cidade de S\u00e3o Paulo na disciplina Sustentabilidade, Tecnologia e Cidades (2019 \u2013 2022). Desde 2005 \u00e9 fundadora da SIA Group que desenvolve projetos arquitet\u00f4nicos e art\u00edsticos para diversos seguimentos utilizando tecnologia aplicada a arquitetura e ao design com plataformas imersivas e tecnologia BIM. J\u00e1 participou de festivais nacionais e internacionais com sua produ\u00e7\u00e3o voltada para a linguagem da tecnologia aplicada a arquitetura e ao design com execu\u00e7\u00e3o de espa\u00e7os com arquitetura param\u00e9trica e imersivas. Em 2022 fundou a IarteSP, uma escola de cursos livres que promove educa\u00e7\u00e3o e capacita\u00e7\u00e3o atrav\u00e9s da arte e da tecnologia. <a href=\"http:\/\/www.sia.arq.br\">www.sia.arq.br<\/a><\/p>\r\n<address>\u00a0<\/address>\r\n<div class=\"wp-block-buttons is-layout-flex wp-block-buttons-is-layout-flex\">\r\n<div class=\"wp-block-button\"><a class=\"wp-block-button__link wp-element-button\" href=\"https:\/\/lattes.cnpq.br\/5362712998544689\">Curr\u00edculo lattes<\/a><\/div>\r\n<\/div>\r\n","protected":false},"excerpt":{"rendered":"<p>Solimar Mendes Isaac \u00e9 Arquiteta e Urbanista, pesquisadora e educadora. Doutora em Tecnologia da Arquitetura na Faculdade de Arquitetura e Urbanismo de S\u00e3o Paulo, Mestre em Arquitetura e Urbanismo pela mesma faculdade. Em 2021 tornou-se pesquisadora do USPCidades \u2013 N\u00facleo de Apoio \u00e0 Pesquisa \u2013 USP desenvolvendo pesquisa com processamento de dados e geoprocessamento. \u00c9&hellip;<\/p>\n","protected":false},"author":1,"featured_media":0,"parent":130,"menu_order":1,"comment_status":"open","ping_status":"open","template":"","meta":{"footnotes":""},"class_list":["post-145","page","type-page","status-publish","hentry"],"yoast_head":"<!-- This site is optimized with the Yoast SEO plugin v25.6 - https:\/\/yoast.com\/wordpress\/plugins\/seo\/ -->\n<title>Profa. Dra. Solimar Mendes Isaac - SIA Arquittura e Designer<\/title>\n<meta name=\"robots\" content=\"index, follow, max-snippet:-1, max-image-preview:large, max-video-preview:-1\" \/>\n<meta property=\"og:locale\" content=\"pt_BR\" \/>\n<meta property=\"og:type\" content=\"article\" \/>\n<meta property=\"og:title\" content=\"Profa. Dra. Solimar Mendes Isaac - SIA Arquittura e Designer\" \/>\n<meta property=\"og:description\" content=\"Solimar Mendes Isaac \u00e9 Arquiteta e Urbanista, pesquisadora e educadora. Doutora em Tecnologia da Arquitetura na Faculdade de Arquitetura e Urbanismo de S\u00e3o Paulo, Mestre em Arquitetura e Urbanismo pela mesma faculdade. Em 2021 tornou-se pesquisadora do USPCidades \u2013 N\u00facleo de Apoio \u00e0 Pesquisa \u2013 USP desenvolvendo pesquisa com processamento de dados e geoprocessamento. \u00c9&hellip;\" \/>\n<meta property=\"og:url\" content=\"https:\/\/sia.arq.br\/index.php\/profile\/profile-team\/\" \/>\n<meta property=\"og:site_name\" content=\"SIA Arquittura e Designer\" \/>\n<meta property=\"article:publisher\" content=\"https:\/\/web.facebook.com\/siarquitetura?locale=pt_BR\" \/>\n<meta property=\"article:modified_time\" content=\"2025-08-16T20:24:28+00:00\" \/>\n<meta property=\"og:image\" content=\"https:\/\/sia.arq.br\/wp-content\/uploads\/2025\/08\/bea-proposta-comercial.png\" \/>\n\t<meta property=\"og:image:width\" content=\"353\" \/>\n\t<meta property=\"og:image:height\" content=\"376\" \/>\n\t<meta property=\"og:image:type\" content=\"image\/png\" \/>\n<meta name=\"twitter:card\" content=\"summary_large_image\" \/>\n<meta name=\"twitter:label1\" content=\"Est. tempo de leitura\" \/>\n\t<meta name=\"twitter:data1\" content=\"2 minutos\" \/>\n<script type=\"application\/ld+json\" class=\"yoast-schema-graph\">{\"@context\":\"https:\/\/schema.org\",\"@graph\":[{\"@type\":\"WebPage\",\"@id\":\"https:\/\/sia.arq.br\/index.php\/profile\/profile-team\/\",\"url\":\"https:\/\/sia.arq.br\/index.php\/profile\/profile-team\/\",\"name\":\"Profa. Dra. Solimar Mendes Isaac - SIA Arquittura e Designer\",\"isPartOf\":{\"@id\":\"https:\/\/sia.arq.br\/#website\"},\"primaryImageOfPage\":{\"@id\":\"https:\/\/sia.arq.br\/index.php\/profile\/profile-team\/#primaryimage\"},\"image\":{\"@id\":\"https:\/\/sia.arq.br\/index.php\/profile\/profile-team\/#primaryimage\"},\"thumbnailUrl\":\"https:\/\/sia.arq.br\/wp-content\/uploads\/2025\/08\/bea-proposta-comercial.png\",\"datePublished\":\"2014-12-10T10:55:54+00:00\",\"dateModified\":\"2025-08-16T20:24:28+00:00\",\"breadcrumb\":{\"@id\":\"https:\/\/sia.arq.br\/index.php\/profile\/profile-team\/#breadcrumb\"},\"inLanguage\":\"pt-BR\",\"potentialAction\":[{\"@type\":\"ReadAction\",\"target\":[\"https:\/\/sia.arq.br\/index.php\/profile\/profile-team\/\"]}]},{\"@type\":\"ImageObject\",\"inLanguage\":\"pt-BR\",\"@id\":\"https:\/\/sia.arq.br\/index.php\/profile\/profile-team\/#primaryimage\",\"url\":\"https:\/\/sia.arq.br\/wp-content\/uploads\/2025\/08\/bea-proposta-comercial.png\",\"contentUrl\":\"https:\/\/sia.arq.br\/wp-content\/uploads\/2025\/08\/bea-proposta-comercial.png\"},{\"@type\":\"BreadcrumbList\",\"@id\":\"https:\/\/sia.arq.br\/index.php\/profile\/profile-team\/#breadcrumb\",\"itemListElement\":[{\"@type\":\"ListItem\",\"position\":1,\"name\":\"In\u00edcio\",\"item\":\"https:\/\/sia.arq.br\/\"},{\"@type\":\"ListItem\",\"position\":2,\"name\":\"\u2726 SIA Arquitetura e Design\",\"item\":\"https:\/\/sia.arq.br\/index.php\/profile\/\"},{\"@type\":\"ListItem\",\"position\":3,\"name\":\"Profa. Dra. Solimar Mendes Isaac\"}]},{\"@type\":\"WebSite\",\"@id\":\"https:\/\/sia.arq.br\/#website\",\"url\":\"https:\/\/sia.arq.br\/\",\"name\":\"SIA Arquitetura e Design\",\"description\":\"SIA Arquitetura e Designer\",\"publisher\":{\"@id\":\"https:\/\/sia.arq.br\/#organization\"},\"potentialAction\":[{\"@type\":\"SearchAction\",\"target\":{\"@type\":\"EntryPoint\",\"urlTemplate\":\"https:\/\/sia.arq.br\/?s={search_term_string}\"},\"query-input\":{\"@type\":\"PropertyValueSpecification\",\"valueRequired\":true,\"valueName\":\"search_term_string\"}}],\"inLanguage\":\"pt-BR\"},{\"@type\":\"Organization\",\"@id\":\"https:\/\/sia.arq.br\/#organization\",\"name\":\"SIA Arquitetura e Design\",\"url\":\"https:\/\/sia.arq.br\/\",\"logo\":{\"@type\":\"ImageObject\",\"inLanguage\":\"pt-BR\",\"@id\":\"https:\/\/sia.arq.br\/#\/schema\/logo\/image\/\",\"url\":\"https:\/\/sia.arq.br\/wp-content\/uploads\/2025\/04\/logo_sia_2022.jpg\",\"contentUrl\":\"https:\/\/sia.arq.br\/wp-content\/uploads\/2025\/04\/logo_sia_2022.jpg\",\"width\":500,\"height\":500,\"caption\":\"SIA Arquitetura e Design\"},\"image\":{\"@id\":\"https:\/\/sia.arq.br\/#\/schema\/logo\/image\/\"},\"sameAs\":[\"https:\/\/web.facebook.com\/siarquitetura?locale=pt_BR\",\"https:\/\/www.instagram.com\/sia_arquitetura\/\"]}]}<\/script>\n<!-- \/ Yoast SEO plugin. -->","yoast_head_json":{"title":"Profa. Dra. Solimar Mendes Isaac - SIA Arquittura e Designer","robots":{"index":"index","follow":"follow","max-snippet":"max-snippet:-1","max-image-preview":"max-image-preview:large","max-video-preview":"max-video-preview:-1"},"og_locale":"pt_BR","og_type":"article","og_title":"Profa. Dra. Solimar Mendes Isaac - SIA Arquittura e Designer","og_description":"Solimar Mendes Isaac \u00e9 Arquiteta e Urbanista, pesquisadora e educadora. Doutora em Tecnologia da Arquitetura na Faculdade de Arquitetura e Urbanismo de S\u00e3o Paulo, Mestre em Arquitetura e Urbanismo pela mesma faculdade. Em 2021 tornou-se pesquisadora do USPCidades \u2013 N\u00facleo de Apoio \u00e0 Pesquisa \u2013 USP desenvolvendo pesquisa com processamento de dados e geoprocessamento. \u00c9&hellip;","og_url":"https:\/\/sia.arq.br\/index.php\/profile\/profile-team\/","og_site_name":"SIA Arquittura e Designer","article_publisher":"https:\/\/web.facebook.com\/siarquitetura?locale=pt_BR","article_modified_time":"2025-08-16T20:24:28+00:00","og_image":[{"width":353,"height":376,"url":"https:\/\/sia.arq.br\/wp-content\/uploads\/2025\/08\/bea-proposta-comercial.png","type":"image\/png"}],"twitter_card":"summary_large_image","twitter_misc":{"Est. tempo de leitura":"2 minutos"},"schema":{"@context":"https:\/\/schema.org","@graph":[{"@type":"WebPage","@id":"https:\/\/sia.arq.br\/index.php\/profile\/profile-team\/","url":"https:\/\/sia.arq.br\/index.php\/profile\/profile-team\/","name":"Profa. Dra. Solimar Mendes Isaac - SIA Arquittura e Designer","isPartOf":{"@id":"https:\/\/sia.arq.br\/#website"},"primaryImageOfPage":{"@id":"https:\/\/sia.arq.br\/index.php\/profile\/profile-team\/#primaryimage"},"image":{"@id":"https:\/\/sia.arq.br\/index.php\/profile\/profile-team\/#primaryimage"},"thumbnailUrl":"https:\/\/sia.arq.br\/wp-content\/uploads\/2025\/08\/bea-proposta-comercial.png","datePublished":"2014-12-10T10:55:54+00:00","dateModified":"2025-08-16T20:24:28+00:00","breadcrumb":{"@id":"https:\/\/sia.arq.br\/index.php\/profile\/profile-team\/#breadcrumb"},"inLanguage":"pt-BR","potentialAction":[{"@type":"ReadAction","target":["https:\/\/sia.arq.br\/index.php\/profile\/profile-team\/"]}]},{"@type":"ImageObject","inLanguage":"pt-BR","@id":"https:\/\/sia.arq.br\/index.php\/profile\/profile-team\/#primaryimage","url":"https:\/\/sia.arq.br\/wp-content\/uploads\/2025\/08\/bea-proposta-comercial.png","contentUrl":"https:\/\/sia.arq.br\/wp-content\/uploads\/2025\/08\/bea-proposta-comercial.png"},{"@type":"BreadcrumbList","@id":"https:\/\/sia.arq.br\/index.php\/profile\/profile-team\/#breadcrumb","itemListElement":[{"@type":"ListItem","position":1,"name":"In\u00edcio","item":"https:\/\/sia.arq.br\/"},{"@type":"ListItem","position":2,"name":"\u2726 SIA Arquitetura e Design","item":"https:\/\/sia.arq.br\/index.php\/profile\/"},{"@type":"ListItem","position":3,"name":"Profa. Dra. Solimar Mendes Isaac"}]},{"@type":"WebSite","@id":"https:\/\/sia.arq.br\/#website","url":"https:\/\/sia.arq.br\/","name":"SIA Arquitetura e Design","description":"SIA Arquitetura e Designer","publisher":{"@id":"https:\/\/sia.arq.br\/#organization"},"potentialAction":[{"@type":"SearchAction","target":{"@type":"EntryPoint","urlTemplate":"https:\/\/sia.arq.br\/?s={search_term_string}"},"query-input":{"@type":"PropertyValueSpecification","valueRequired":true,"valueName":"search_term_string"}}],"inLanguage":"pt-BR"},{"@type":"Organization","@id":"https:\/\/sia.arq.br\/#organization","name":"SIA Arquitetura e Design","url":"https:\/\/sia.arq.br\/","logo":{"@type":"ImageObject","inLanguage":"pt-BR","@id":"https:\/\/sia.arq.br\/#\/schema\/logo\/image\/","url":"https:\/\/sia.arq.br\/wp-content\/uploads\/2025\/04\/logo_sia_2022.jpg","contentUrl":"https:\/\/sia.arq.br\/wp-content\/uploads\/2025\/04\/logo_sia_2022.jpg","width":500,"height":500,"caption":"SIA Arquitetura e Design"},"image":{"@id":"https:\/\/sia.arq.br\/#\/schema\/logo\/image\/"},"sameAs":["https:\/\/web.facebook.com\/siarquitetura?locale=pt_BR","https:\/\/www.instagram.com\/sia_arquitetura\/"]}]}},"_links":{"self":[{"href":"https:\/\/sia.arq.br\/index.php\/wp-json\/wp\/v2\/pages\/145"}],"collection":[{"href":"https:\/\/sia.arq.br\/index.php\/wp-json\/wp\/v2\/pages"}],"about":[{"href":"https:\/\/sia.arq.br\/index.php\/wp-json\/wp\/v2\/types\/page"}],"author":[{"embeddable":true,"href":"https:\/\/sia.arq.br\/index.php\/wp-json\/wp\/v2\/users\/1"}],"replies":[{"embeddable":true,"href":"https:\/\/sia.arq.br\/index.php\/wp-json\/wp\/v2\/comments?post=145"}],"version-history":[{"count":21,"href":"https:\/\/sia.arq.br\/index.php\/wp-json\/wp\/v2\/pages\/145\/revisions"}],"predecessor-version":[{"id":1221,"href":"https:\/\/sia.arq.br\/index.php\/wp-json\/wp\/v2\/pages\/145\/revisions\/1221"}],"up":[{"embeddable":true,"href":"https:\/\/sia.arq.br\/index.php\/wp-json\/wp\/v2\/pages\/130"}],"wp:attachment":[{"href":"https:\/\/sia.arq.br\/index.php\/wp-json\/wp\/v2\/media?parent=145"}],"curies":[{"name":"wp","href":"https:\/\/api.w.org\/{rel}","templated":true}]}}