{"id":132,"date":"2014-12-10T10:44:02","date_gmt":"2014-12-10T10:44:02","guid":{"rendered":"http:\/\/pixelgrade.com\/demos\/mies\/?page_id=132"},"modified":"2025-08-16T17:16:59","modified_gmt":"2025-08-16T20:16:59","slug":"contact","status":"publish","type":"page","link":"https:\/\/sia.arq.br\/index.php\/contact\/","title":{"rendered":"Contato"},"content":{"rendered":"<h2 data-start=\"208\" data-end=\"243\"><strong>NOSSOS CONTATOS<\/strong><\/h2>\r\n<p data-start=\"208\" data-end=\"243\"><strong data-start=\"208\" data-end=\"219\">E-mail:<\/strong><br data-start=\"219\" data-end=\"222\" \/>\ud83d\udce9 <a class=\"cursor-pointer\" rel=\"noopener\" data-start=\"225\" data-end=\"243\">contato@sia.arq.br<\/a><\/p>\r\n<p data-start=\"342\" data-end=\"413\"><strong data-start=\"342\" data-end=\"356\">Instagram:<\/strong><br data-start=\"356\" data-end=\"359\" \/>\ud83d\udcf8 <a class=\"\" href=\"https:\/\/www.instagram.com\/sia.arq.br\" target=\"_new\" rel=\"noopener\" data-start=\"362\" data-end=\"413\">@sia.arq.br<\/a><\/p>\r\n<p data-start=\"415\" data-end=\"563\"><strong data-start=\"245\" data-end=\"268\">WhatsApp Comercial:<\/strong><br data-start=\"290\" data-end=\"293\" \/><em data-start=\"293\" data-end=\"340\">Atendimento de segunda a sexta, das 9h \u00e0s 18h<\/em><\/p>\r\n\r\n<div class=\"wp-block-buttons is-layout-flex wp-block-buttons-is-layout-flex\">\r\n<div class=\"wp-block-button\"><a class=\"wp-block-button__link has-white-color has-vivid-green-cyan-background-color has-text-color has-background has-link-color wp-element-button\" href=\"https:\/\/wa.me\/5511971991846\"><strong>Chame no WhatsApp <\/strong><\/a><\/div>\r\n<\/div>\r\n\r\n\r\n<hr class=\"wp-block-separator has-alpha-channel-opacity\" \/>\r\n\r\n\r\n<p><strong>Endere\u00e7o de Atendimento (com hor\u00e1rio marcado):<\/strong><br \/>\ud83d\udccd S\u00e3o Paulo \u2013 SP<br \/><em>Atendemos presencialmente com hora marcada e tamb\u00e9m de forma 100% online.<\/em><\/p>\r\n\r\n\r\n\r\n<p>Atendemos com base em\u00a0<strong>S\u00e3o Paulo \u2013 SP<\/strong>, mas desenvolvemos projetos para todo o Brasil e tamb\u00e9m de forma internacional. Tamb\u00e9m realizamos\u00a0<strong>visitas presenciais<\/strong>\u00a0sob agendamento para projetos na capital e regi\u00e3o metropolitana.<\/p>\r\n\r\n\r\n\r\n<p>&nbsp;<\/p>\r\n","protected":false},"excerpt":{"rendered":"<p>NOSSOS CONTATOS E-mail:\ud83d\udce9 contato@sia.arq.br Instagram:\ud83d\udcf8 @sia.arq.br WhatsApp Comercial:Atendimento de segunda a sexta, das 9h \u00e0s 18h Endere\u00e7o de Atendimento (com hor\u00e1rio marcado):\ud83d\udccd S\u00e3o Paulo \u2013 SPAtendemos presencialmente com hora marcada e tamb\u00e9m de forma 100% online. Atendemos com base em\u00a0S\u00e3o Paulo \u2013 SP, mas desenvolvemos projetos para todo o Brasil e tamb\u00e9m de forma internacional.&hellip;<\/p>\n","protected":false},"author":1,"featured_media":0,"parent":0,"menu_order":0,"comment_status":"closed","ping_status":"closed","template":"","meta":{"footnotes":""},"class_list":["post-132","page","type-page","status-publish","hentry"],"yoast_head":"<!-- This site is optimized with the Yoast SEO plugin v25.6 - https:\/\/yoast.com\/wordpress\/plugins\/seo\/ -->\n<title>Contato - SIA Arquittura e Designer<\/title>\n<meta name=\"robots\" content=\"index, follow, max-snippet:-1, max-image-preview:large, max-video-preview:-1\" \/>\n<meta property=\"og:locale\" content=\"pt_BR\" \/>\n<meta property=\"og:type\" content=\"article\" \/>\n<meta property=\"og:title\" content=\"Contato - SIA Arquittura e Designer\" \/>\n<meta property=\"og:description\" content=\"NOSSOS CONTATOS E-mail:\ud83d\udce9 contato@sia.arq.br Instagram:\ud83d\udcf8 @sia.arq.br WhatsApp Comercial:Atendimento de segunda a sexta, das 9h \u00e0s 18h Endere\u00e7o de Atendimento (com hor\u00e1rio marcado):\ud83d\udccd S\u00e3o Paulo \u2013 SPAtendemos presencialmente com hora marcada e tamb\u00e9m de forma 100% online. Atendemos com base em\u00a0S\u00e3o Paulo \u2013 SP, mas desenvolvemos projetos para todo o Brasil e tamb\u00e9m de forma internacional.&hellip;\" \/>\n<meta property=\"og:url\" content=\"https:\/\/sia.arq.br\/index.php\/contact\/\" \/>\n<meta property=\"og:site_name\" content=\"SIA Arquittura e Designer\" \/>\n<meta property=\"article:publisher\" content=\"https:\/\/web.facebook.com\/siarquitetura?locale=pt_BR\" \/>\n<meta property=\"article:modified_time\" content=\"2025-08-16T20:16:59+00:00\" \/>\n<meta name=\"twitter:card\" content=\"summary_large_image\" \/>\n<meta name=\"twitter:label1\" content=\"Est. tempo de leitura\" \/>\n\t<meta name=\"twitter:data1\" content=\"1 minuto\" \/>\n<script type=\"application\/ld+json\" class=\"yoast-schema-graph\">{\"@context\":\"https:\/\/schema.org\",\"@graph\":[{\"@type\":\"WebPage\",\"@id\":\"https:\/\/sia.arq.br\/index.php\/contact\/\",\"url\":\"https:\/\/sia.arq.br\/index.php\/contact\/\",\"name\":\"Contato - SIA Arquittura e Designer\",\"isPartOf\":{\"@id\":\"https:\/\/sia.arq.br\/#website\"},\"datePublished\":\"2014-12-10T10:44:02+00:00\",\"dateModified\":\"2025-08-16T20:16:59+00:00\",\"breadcrumb\":{\"@id\":\"https:\/\/sia.arq.br\/index.php\/contact\/#breadcrumb\"},\"inLanguage\":\"pt-BR\",\"potentialAction\":[{\"@type\":\"ReadAction\",\"target\":[\"https:\/\/sia.arq.br\/index.php\/contact\/\"]}]},{\"@type\":\"BreadcrumbList\",\"@id\":\"https:\/\/sia.arq.br\/index.php\/contact\/#breadcrumb\",\"itemListElement\":[{\"@type\":\"ListItem\",\"position\":1,\"name\":\"In\u00edcio\",\"item\":\"https:\/\/sia.arq.br\/\"},{\"@type\":\"ListItem\",\"position\":2,\"name\":\"Contato\"}]},{\"@type\":\"WebSite\",\"@id\":\"https:\/\/sia.arq.br\/#website\",\"url\":\"https:\/\/sia.arq.br\/\",\"name\":\"SIA Arquitetura e Design\",\"description\":\"SIA Arquitetura e Designer\",\"publisher\":{\"@id\":\"https:\/\/sia.arq.br\/#organization\"},\"potentialAction\":[{\"@type\":\"SearchAction\",\"target\":{\"@type\":\"EntryPoint\",\"urlTemplate\":\"https:\/\/sia.arq.br\/?s={search_term_string}\"},\"query-input\":{\"@type\":\"PropertyValueSpecification\",\"valueRequired\":true,\"valueName\":\"search_term_string\"}}],\"inLanguage\":\"pt-BR\"},{\"@type\":\"Organization\",\"@id\":\"https:\/\/sia.arq.br\/#organization\",\"name\":\"SIA Arquitetura e Design\",\"url\":\"https:\/\/sia.arq.br\/\",\"logo\":{\"@type\":\"ImageObject\",\"inLanguage\":\"pt-BR\",\"@id\":\"https:\/\/sia.arq.br\/#\/schema\/logo\/image\/\",\"url\":\"https:\/\/sia.arq.br\/wp-content\/uploads\/2025\/04\/logo_sia_2022.jpg\",\"contentUrl\":\"https:\/\/sia.arq.br\/wp-content\/uploads\/2025\/04\/logo_sia_2022.jpg\",\"width\":500,\"height\":500,\"caption\":\"SIA Arquitetura e Design\"},\"image\":{\"@id\":\"https:\/\/sia.arq.br\/#\/schema\/logo\/image\/\"},\"sameAs\":[\"https:\/\/web.facebook.com\/siarquitetura?locale=pt_BR\",\"https:\/\/www.instagram.com\/sia_arquitetura\/\"]}]}<\/script>\n<!-- \/ Yoast SEO plugin. -->","yoast_head_json":{"title":"Contato - SIA Arquittura e Designer","robots":{"index":"index","follow":"follow","max-snippet":"max-snippet:-1","max-image-preview":"max-image-preview:large","max-video-preview":"max-video-preview:-1"},"og_locale":"pt_BR","og_type":"article","og_title":"Contato - SIA Arquittura e Designer","og_description":"NOSSOS CONTATOS E-mail:\ud83d\udce9 contato@sia.arq.br Instagram:\ud83d\udcf8 @sia.arq.br WhatsApp Comercial:Atendimento de segunda a sexta, das 9h \u00e0s 18h Endere\u00e7o de Atendimento (com hor\u00e1rio marcado):\ud83d\udccd S\u00e3o Paulo \u2013 SPAtendemos presencialmente com hora marcada e tamb\u00e9m de forma 100% online. Atendemos com base em\u00a0S\u00e3o Paulo \u2013 SP, mas desenvolvemos projetos para todo o Brasil e tamb\u00e9m de forma internacional.&hellip;","og_url":"https:\/\/sia.arq.br\/index.php\/contact\/","og_site_name":"SIA Arquittura e Designer","article_publisher":"https:\/\/web.facebook.com\/siarquitetura?locale=pt_BR","article_modified_time":"2025-08-16T20:16:59+00:00","twitter_card":"summary_large_image","twitter_misc":{"Est. tempo de leitura":"1 minuto"},"schema":{"@context":"https:\/\/schema.org","@graph":[{"@type":"WebPage","@id":"https:\/\/sia.arq.br\/index.php\/contact\/","url":"https:\/\/sia.arq.br\/index.php\/contact\/","name":"Contato - SIA Arquittura e Designer","isPartOf":{"@id":"https:\/\/sia.arq.br\/#website"},"datePublished":"2014-12-10T10:44:02+00:00","dateModified":"2025-08-16T20:16:59+00:00","breadcrumb":{"@id":"https:\/\/sia.arq.br\/index.php\/contact\/#breadcrumb"},"inLanguage":"pt-BR","potentialAction":[{"@type":"ReadAction","target":["https:\/\/sia.arq.br\/index.php\/contact\/"]}]},{"@type":"BreadcrumbList","@id":"https:\/\/sia.arq.br\/index.php\/contact\/#breadcrumb","itemListElement":[{"@type":"ListItem","position":1,"name":"In\u00edcio","item":"https:\/\/sia.arq.br\/"},{"@type":"ListItem","position":2,"name":"Contato"}]},{"@type":"WebSite","@id":"https:\/\/sia.arq.br\/#website","url":"https:\/\/sia.arq.br\/","name":"SIA Arquitetura e Design","description":"SIA Arquitetura e Designer","publisher":{"@id":"https:\/\/sia.arq.br\/#organization"},"potentialAction":[{"@type":"SearchAction","target":{"@type":"EntryPoint","urlTemplate":"https:\/\/sia.arq.br\/?s={search_term_string}"},"query-input":{"@type":"PropertyValueSpecification","valueRequired":true,"valueName":"search_term_string"}}],"inLanguage":"pt-BR"},{"@type":"Organization","@id":"https:\/\/sia.arq.br\/#organization","name":"SIA Arquitetura e Design","url":"https:\/\/sia.arq.br\/","logo":{"@type":"ImageObject","inLanguage":"pt-BR","@id":"https:\/\/sia.arq.br\/#\/schema\/logo\/image\/","url":"https:\/\/sia.arq.br\/wp-content\/uploads\/2025\/04\/logo_sia_2022.jpg","contentUrl":"https:\/\/sia.arq.br\/wp-content\/uploads\/2025\/04\/logo_sia_2022.jpg","width":500,"height":500,"caption":"SIA Arquitetura e Design"},"image":{"@id":"https:\/\/sia.arq.br\/#\/schema\/logo\/image\/"},"sameAs":["https:\/\/web.facebook.com\/siarquitetura?locale=pt_BR","https:\/\/www.instagram.com\/sia_arquitetura\/"]}]}},"_links":{"self":[{"href":"https:\/\/sia.arq.br\/index.php\/wp-json\/wp\/v2\/pages\/132"}],"collection":[{"href":"https:\/\/sia.arq.br\/index.php\/wp-json\/wp\/v2\/pages"}],"about":[{"href":"https:\/\/sia.arq.br\/index.php\/wp-json\/wp\/v2\/types\/page"}],"author":[{"embeddable":true,"href":"https:\/\/sia.arq.br\/index.php\/wp-json\/wp\/v2\/users\/1"}],"replies":[{"embeddable":true,"href":"https:\/\/sia.arq.br\/index.php\/wp-json\/wp\/v2\/comments?post=132"}],"version-history":[{"count":10,"href":"https:\/\/sia.arq.br\/index.php\/wp-json\/wp\/v2\/pages\/132\/revisions"}],"predecessor-version":[{"id":1214,"href":"https:\/\/sia.arq.br\/index.php\/wp-json\/wp\/v2\/pages\/132\/revisions\/1214"}],"wp:attachment":[{"href":"https:\/\/sia.arq.br\/index.php\/wp-json\/wp\/v2\/media?parent=132"}],"curies":[{"name":"wp","href":"https:\/\/api.w.org\/{rel}","templated":true}]}}